{"id":10,"date":"2023-06-06T22:41:21","date_gmt":"2023-06-06T20:41:21","guid":{"rendered":"https:\/\/www.holzhausbau-sachsen.de\/?page_id=10"},"modified":"2025-07-30T15:30:37","modified_gmt":"2025-07-30T13:30:37","slug":"informationswochenende-schautag-fuer-kuenftige-baufamilien","status":"publish","type":"page","link":"https:\/\/www.holzhausbau-sachsen.de\/?page_id=10","title":{"rendered":"Informatives"},"content":{"rendered":"\t\t<div data-elementor-type=\"wp-page\" data-elementor-id=\"10\" class=\"elementor elementor-10\">\n\t\t\t\t\t\t\t<div class=\"elementor-element elementor-element-9e2180b e-flex e-con-boxed e-con e-parent\" data-id=\"9e2180b\" data-element_type=\"container\" data-settings=\"{&quot;content_width&quot;:&quot;boxed&quot;}\" data-core-v316-plus=\"true\">\n\t\t\t\t\t<div class=\"e-con-inner\">\n\t\t<div class=\"elementor-element elementor-element-352c12b e-flex e-con-boxed e-con e-child\" data-id=\"352c12b\" data-element_type=\"container\" data-settings=\"{&quot;content_width&quot;:&quot;boxed&quot;}\">\n\t\t\t\t\t<div class=\"e-con-inner\">\n\t\t\t\t<div class=\"elementor-element elementor-element-3ecfe5c elementor-widget elementor-widget-text-editor\" data-id=\"3ecfe5c\" data-element_type=\"widget\" data-widget_type=\"text-editor.default\">\n\t\t\t\t<div class=\"elementor-widget-container\">\n\t\t\t<style>\/*! elementor - v3.17.0 - 08-11-2023 *\/\n.elementor-widget-text-editor.elementor-drop-cap-view-stacked .elementor-drop-cap{background-color:#69727d;color:#fff}.elementor-widget-text-editor.elementor-drop-cap-view-framed .elementor-drop-cap{color:#69727d;border:3px solid;background-color:transparent}.elementor-widget-text-editor:not(.elementor-drop-cap-view-default) .elementor-drop-cap{margin-top:8px}.elementor-widget-text-editor:not(.elementor-drop-cap-view-default) .elementor-drop-cap-letter{width:1em;height:1em}.elementor-widget-text-editor .elementor-drop-cap{float:left;text-align:center;line-height:1;font-size:50px}.elementor-widget-text-editor .elementor-drop-cap-letter{display:inline-block}<\/style>\t\t\t\t<p style=\"text-align: center;\"><span style=\"color: #ff0000;\"><strong>Vereinbaren Sie noch heute Ihren pers\u00f6nlichen <br \/>Beratungstermin!<\/strong><\/span><\/p>\n<p style=\"text-align: center;\"><span style=\"color: #0000ff;\"><strong>Telefon: 035955 777999\u00a0 \u00a0 \u00a0 \u00a0 \u00a0 \u00a0 \u00a0 \u00a0 \u00a0 \u00a0 \u00a0 \u00a0 E-Mail: <a href=\"mailto:holzhausbausachsen@gmail.com\" target=\"_blank\" rel=\"noopener\">holzhausbausachsen@gmail.com<\/a><\/strong><\/span><\/p>\t\t\t\t\t\t<\/div>\n\t\t\t\t<\/div>\n\t\t\t\t\t<\/div>\n\t\t\t\t<\/div>\n\t\t\t\t\t<\/div>\n\t\t\t\t<\/div>\n\t\t<div class=\"elementor-element elementor-element-a8e2b38 e-flex e-con-boxed e-con e-parent\" data-id=\"a8e2b38\" data-element_type=\"container\" data-settings=\"{&quot;content_width&quot;:&quot;boxed&quot;}\" data-core-v316-plus=\"true\">\n\t\t\t\t\t<div class=\"e-con-inner\">\n\t\t<div class=\"elementor-element elementor-element-2128be4 e-con-full e-flex e-con e-child\" data-id=\"2128be4\" data-element_type=\"container\" data-settings=\"{&quot;content_width&quot;:&quot;full&quot;}\">\n\t\t\t\t<div class=\"elementor-element elementor-element-2d9080b elementor-widget elementor-widget-text-editor\" data-id=\"2d9080b\" data-element_type=\"widget\" data-widget_type=\"text-editor.default\">\n\t\t\t\t<div class=\"elementor-widget-container\">\n\t\t\t\t\t\t\t<p style=\"text-align: center;\"><span style=\"color: #000000;\"><strong>Wohnh\u00e4user, Ferienh\u00e4user, <br \/>Wochenendh\u00e4user, Wellnessh\u00e4user und Gartenh\u00e4user<\/strong><\/span><\/p>\n<p style=\"text-align: center;\">Lieferung als Bausatz zur Selbstmontage oder<br \/>von unserem Team individuell geplant, <br \/>geliefert und montiert.<\/p>\t\t\t\t\t\t<\/div>\n\t\t\t\t<\/div>\n\t\t\t\t<\/div>\n\t\t<div class=\"elementor-element elementor-element-b664a99 e-con-full e-flex e-con e-child\" data-id=\"b664a99\" data-element_type=\"container\" data-settings=\"{&quot;content_width&quot;:&quot;full&quot;}\">\n\t\t\t\t<div class=\"elementor-element elementor-element-886f203 elementor-widget elementor-widget-image\" data-id=\"886f203\" data-element_type=\"widget\" data-widget_type=\"image.default\">\n\t\t\t\t<div class=\"elementor-widget-container\">\n\t\t\t<style>\/*! elementor - v3.17.0 - 08-11-2023 *\/\n.elementor-widget-image{text-align:center}.elementor-widget-image a{display:inline-block}.elementor-widget-image a img[src$=\".svg\"]{width:48px}.elementor-widget-image img{vertical-align:middle;display:inline-block}<\/style>\t\t\t\t\t\t\t\t\t\t\t\t<img fetchpriority=\"high\" decoding=\"async\" width=\"660\" height=\"371\" src=\"https:\/\/www.holzhausbau-sachsen.de\/wp-content\/uploads\/2025\/07\/Vorderseite_WH.jpg\" class=\"attachment-large size-large wp-image-249\" alt=\"\" \/>\t\t\t\t\t\t\t\t\t\t\t\t\t\t\t<\/div>\n\t\t\t\t<\/div>\n\t\t\t\t<\/div>\n\t\t<div class=\"elementor-element elementor-element-f712652 e-con-full e-flex e-con e-child\" data-id=\"f712652\" data-element_type=\"container\" data-settings=\"{&quot;content_width&quot;:&quot;full&quot;}\">\n\t\t\t\t<div class=\"elementor-element elementor-element-11c09a2 elementor-widget elementor-widget-image\" data-id=\"11c09a2\" data-element_type=\"widget\" data-widget_type=\"image.default\">\n\t\t\t\t<div class=\"elementor-widget-container\">\n\t\t\t\t\t\t\t\t\t\t\t\t\t\t\t<img decoding=\"async\" width=\"660\" height=\"476\" src=\"https:\/\/www.holzhausbau-sachsen.de\/wp-content\/uploads\/2025\/07\/DDR-Laube-neu.jpg\" class=\"attachment-large size-large wp-image-250\" alt=\"\" \/>\t\t\t\t\t\t\t\t\t\t\t\t\t\t\t<\/div>\n\t\t\t\t<\/div>\n\t\t\t\t<\/div>\n\t\t<div class=\"elementor-element elementor-element-6fbbe0c e-con-full e-flex e-con e-child\" data-id=\"6fbbe0c\" data-element_type=\"container\" data-settings=\"{&quot;content_width&quot;:&quot;full&quot;}\">\n\t\t\t\t<div class=\"elementor-element elementor-element-2e8f1d1 elementor-widget elementor-widget-image\" data-id=\"2e8f1d1\" data-element_type=\"widget\" data-widget_type=\"image.default\">\n\t\t\t\t<div class=\"elementor-widget-container\">\n\t\t\t\t\t\t\t\t\t\t\t\t\t\t\t<img decoding=\"async\" width=\"660\" height=\"476\" src=\"https:\/\/www.holzhausbau-sachsen.de\/wp-content\/uploads\/2025\/07\/GH.jpg\" class=\"attachment-large size-large wp-image-240\" alt=\"\" \/>\t\t\t\t\t\t\t\t\t\t\t\t\t\t\t<\/div>\n\t\t\t\t<\/div>\n\t\t\t\t<\/div>\n\t\t\t\t\t<\/div>\n\t\t\t\t<\/div>\n\t\t<div class=\"elementor-element elementor-element-ee670c2 e-flex e-con-boxed e-con e-parent\" data-id=\"ee670c2\" data-element_type=\"container\" data-settings=\"{&quot;content_width&quot;:&quot;boxed&quot;}\" data-core-v316-plus=\"true\">\n\t\t\t\t\t<div class=\"e-con-inner\">\n\t\t<div class=\"elementor-element elementor-element-5487fd2 e-con-full e-flex e-con e-child\" data-id=\"5487fd2\" data-element_type=\"container\" data-settings=\"{&quot;content_width&quot;:&quot;full&quot;}\">\n\t\t\t\t<div class=\"elementor-element elementor-element-cbcc1c8 elementor-widget elementor-widget-image\" data-id=\"cbcc1c8\" data-element_type=\"widget\" data-widget_type=\"image.default\">\n\t\t\t\t<div class=\"elementor-widget-container\">\n\t\t\t\t\t\t\t\t\t\t\t\t\t\t\t<img loading=\"lazy\" decoding=\"async\" width=\"660\" height=\"432\" src=\"https:\/\/www.holzhausbau-sachsen.de\/wp-content\/uploads\/2025\/07\/LA-GH-.jpg\" class=\"attachment-large size-large wp-image-245\" alt=\"\" \/>\t\t\t\t\t\t\t\t\t\t\t\t\t\t\t<\/div>\n\t\t\t\t<\/div>\n\t\t\t\t<\/div>\n\t\t<div class=\"elementor-element elementor-element-5b8a29d e-con-full e-flex e-con e-child\" data-id=\"5b8a29d\" data-element_type=\"container\" data-settings=\"{&quot;content_width&quot;:&quot;full&quot;}\">\n\t\t\t\t<div class=\"elementor-element elementor-element-8de1ec8 elementor-widget elementor-widget-image\" data-id=\"8de1ec8\" data-element_type=\"widget\" data-widget_type=\"image.default\">\n\t\t\t\t<div class=\"elementor-widget-container\">\n\t\t\t\t\t\t\t\t\t\t\t\t\t\t\t<img loading=\"lazy\" decoding=\"async\" width=\"660\" height=\"565\" src=\"https:\/\/www.holzhausbau-sachsen.de\/wp-content\/uploads\/2024\/10\/Ferienhaus.jpg\" class=\"attachment-large size-large wp-image-193\" alt=\"\" \/>\t\t\t\t\t\t\t\t\t\t\t\t\t\t\t<\/div>\n\t\t\t\t<\/div>\n\t\t\t\t<\/div>\n\t\t<div class=\"elementor-element elementor-element-6e8d18c e-con-full e-flex e-con e-child\" data-id=\"6e8d18c\" data-element_type=\"container\" data-settings=\"{&quot;content_width&quot;:&quot;full&quot;}\">\n\t\t\t\t<div class=\"elementor-element elementor-element-c7f591d elementor-widget elementor-widget-image\" data-id=\"c7f591d\" data-element_type=\"widget\" data-widget_type=\"image.default\">\n\t\t\t\t<div class=\"elementor-widget-container\">\n\t\t\t\t\t\t\t\t\t\t\t\t\t\t\t<img loading=\"lazy\" decoding=\"async\" width=\"660\" height=\"502\" src=\"https:\/\/www.holzhausbau-sachsen.de\/wp-content\/uploads\/2024\/10\/Pavillion.jpg\" class=\"attachment-large size-large wp-image-199\" alt=\"\" \/>\t\t\t\t\t\t\t\t\t\t\t\t\t\t\t<\/div>\n\t\t\t\t<\/div>\n\t\t\t\t<\/div>\n\t\t<div class=\"elementor-element elementor-element-443e4cf e-con-full e-flex e-con e-child\" data-id=\"443e4cf\" data-element_type=\"container\" data-settings=\"{&quot;content_width&quot;:&quot;full&quot;}\">\n\t\t\t\t<div class=\"elementor-element elementor-element-2014f09 elementor-widget elementor-widget-image\" data-id=\"2014f09\" data-element_type=\"widget\" data-widget_type=\"image.default\">\n\t\t\t\t<div class=\"elementor-widget-container\">\n\t\t\t\t\t\t\t\t\t\t\t\t\t\t\t<img loading=\"lazy\" decoding=\"async\" width=\"660\" height=\"365\" src=\"https:\/\/www.holzhausbau-sachsen.de\/wp-content\/uploads\/2024\/10\/Wochenend_4.jpg\" class=\"attachment-large size-large wp-image-201\" alt=\"\" \/>\t\t\t\t\t\t\t\t\t\t\t\t\t\t\t<\/div>\n\t\t\t\t<\/div>\n\t\t\t\t<\/div>\n\t\t<div class=\"elementor-element elementor-element-eeb9c4d e-con-full e-flex e-con e-child\" data-id=\"eeb9c4d\" data-element_type=\"container\" data-settings=\"{&quot;content_width&quot;:&quot;full&quot;}\">\n\t\t\t\t<div class=\"elementor-element elementor-element-66e89fd elementor-widget elementor-widget-image\" data-id=\"66e89fd\" data-element_type=\"widget\" data-widget_type=\"image.default\">\n\t\t\t\t<div class=\"elementor-widget-container\">\n\t\t\t\t\t\t\t\t\t\t\t\t\t\t\t<img loading=\"lazy\" decoding=\"async\" width=\"660\" height=\"391\" src=\"https:\/\/www.holzhausbau-sachsen.de\/wp-content\/uploads\/2025\/07\/Hortzimmer.jpg\" class=\"attachment-large size-large wp-image-242\" alt=\"\" \/>\t\t\t\t\t\t\t\t\t\t\t\t\t\t\t<\/div>\n\t\t\t\t<\/div>\n\t\t\t\t<\/div>\n\t\t<div class=\"elementor-element elementor-element-22a72fb e-con-full e-flex e-con e-child\" data-id=\"22a72fb\" data-element_type=\"container\" data-settings=\"{&quot;content_width&quot;:&quot;full&quot;}\">\n\t\t\t\t<div class=\"elementor-element elementor-element-ef4cf52 elementor-widget elementor-widget-image\" data-id=\"ef4cf52\" data-element_type=\"widget\" data-widget_type=\"image.default\">\n\t\t\t\t<div class=\"elementor-widget-container\">\n\t\t\t\t\t\t\t\t\t\t\t\t\t\t\t<img loading=\"lazy\" decoding=\"async\" width=\"660\" height=\"356\" src=\"https:\/\/www.holzhausbau-sachsen.de\/wp-content\/uploads\/2024\/10\/Wellnesshaus.jpg\" class=\"attachment-large size-large wp-image-200\" alt=\"\" \/>\t\t\t\t\t\t\t\t\t\t\t\t\t\t\t<\/div>\n\t\t\t\t<\/div>\n\t\t\t\t<\/div>\n\t\t\t\t\t<\/div>\n\t\t\t\t<\/div>\n\t\t<div class=\"elementor-element elementor-element-4ba8d0c e-flex e-con-boxed e-con e-parent\" data-id=\"4ba8d0c\" data-element_type=\"container\" data-settings=\"{&quot;content_width&quot;:&quot;boxed&quot;}\" data-core-v316-plus=\"true\">\n\t\t\t\t\t<div class=\"e-con-inner\">\n\t\t\t\t\t<\/div>\n\t\t\t\t<\/div>\n\t\t<div class=\"elementor-element elementor-element-4fb8c4f8 e-flex e-con-boxed e-con e-parent\" data-id=\"4fb8c4f8\" data-element_type=\"container\" data-settings=\"{&quot;content_width&quot;:&quot;boxed&quot;}\" data-core-v316-plus=\"true\">\n\t\t\t\t\t<div class=\"e-con-inner\">\n\t\t\t\t<div class=\"elementor-element elementor-element-21749e5a elementor-widget elementor-widget-text-editor\" data-id=\"21749e5a\" data-element_type=\"widget\" data-widget_type=\"text-editor.default\">\n\t\t\t\t<div class=\"elementor-widget-container\">\n\t\t\t\t\t\t\t<!-- wp:gallery {\"linkTo\":\"none\"} -->\n<figure class=\"wp-block-gallery has-nested-images columns-default is-cropped\"><\/figure>\n<!-- \/wp:gallery --><!-- wp:html -->\n<p class=\"has-text-align-center info\"><strong>Informations-Wochenende\/ Schautag f\u00fcr k\u00fcnftige Baufamilien<\/strong><\/p>\n<!-- \/wp:html --><!-- wp:html -->\n<p class=\"has-text-align-center info\"><strong>08.07. und 09.07.2023 <\/strong><\/p>\n<!-- \/wp:html --><!-- wp:gallery {\"linkTo\":\"none\"} -->\n<figure class=\"wp-block-gallery has-nested-images columns-default is-cropped\"><!-- wp:image {\"id\":110,\"sizeSlug\":\"large\",\"linkDestination\":\"none\"} -->\n<figure class=\"wp-block-image size-large\"><img loading=\"lazy\" decoding=\"async\" width=\"1024\" height=\"858\" class=\"wp-image-110\" src=\"https:\/\/www.holzhausbau-sachsen.de\/wp-content\/uploads\/2023\/07\/Baumscheibe_Seite2-1024x858.png\" alt=\"\" srcset=\"https:\/\/www.holzhausbau-sachsen.de\/wp-content\/uploads\/2023\/07\/Baumscheibe_Seite2-1024x858.png 1024w, https:\/\/www.holzhausbau-sachsen.de\/wp-content\/uploads\/2023\/07\/Baumscheibe_Seite2-300x251.png 300w, https:\/\/www.holzhausbau-sachsen.de\/wp-content\/uploads\/2023\/07\/Baumscheibe_Seite2-768x644.png 768w, https:\/\/www.holzhausbau-sachsen.de\/wp-content\/uploads\/2023\/07\/Baumscheibe_Seite2.png 1175w\" sizes=\"(max-width: 1024px) 100vw, 1024px\" \/><\/figure>\n<!-- \/wp:image --><!-- wp:image {\"align\":\"right\",\"id\":111,\"sizeSlug\":\"large\",\"linkDestination\":\"none\"} -->\n<figure class=\"wp-block-image alignright size-large\"><img loading=\"lazy\" decoding=\"async\" width=\"1024\" height=\"858\" class=\"wp-image-111\" src=\"https:\/\/www.holzhausbau-sachsen.de\/wp-content\/uploads\/2023\/07\/BB_Haus_Seite7-1024x858.png\" alt=\"\" srcset=\"https:\/\/www.holzhausbau-sachsen.de\/wp-content\/uploads\/2023\/07\/BB_Haus_Seite7-1024x858.png 1024w, https:\/\/www.holzhausbau-sachsen.de\/wp-content\/uploads\/2023\/07\/BB_Haus_Seite7-300x251.png 300w, https:\/\/www.holzhausbau-sachsen.de\/wp-content\/uploads\/2023\/07\/BB_Haus_Seite7-768x644.png 768w, https:\/\/www.holzhausbau-sachsen.de\/wp-content\/uploads\/2023\/07\/BB_Haus_Seite7.png 1175w\" sizes=\"(max-width: 1024px) 100vw, 1024px\" \/><\/figure>\n<!-- \/wp:image --><!-- wp:image {\"id\":109,\"sizeSlug\":\"large\",\"linkDestination\":\"none\"} -->\n<figure class=\"wp-block-image size-large\"><img loading=\"lazy\" decoding=\"async\" width=\"1024\" height=\"858\" class=\"wp-image-109\" src=\"https:\/\/www.holzhausbau-sachsen.de\/wp-content\/uploads\/2023\/07\/Aufbau_Seite7-1024x858.png\" alt=\"\" srcset=\"https:\/\/www.holzhausbau-sachsen.de\/wp-content\/uploads\/2023\/07\/Aufbau_Seite7-1024x858.png 1024w, https:\/\/www.holzhausbau-sachsen.de\/wp-content\/uploads\/2023\/07\/Aufbau_Seite7-300x251.png 300w, https:\/\/www.holzhausbau-sachsen.de\/wp-content\/uploads\/2023\/07\/Aufbau_Seite7-768x644.png 768w, https:\/\/www.holzhausbau-sachsen.de\/wp-content\/uploads\/2023\/07\/Aufbau_Seite7.png 1175w\" sizes=\"(max-width: 1024px) 100vw, 1024px\" \/><\/figure>\n<!-- \/wp:image --><\/figure>\n<!-- \/wp:gallery --><!-- wp:paragraph {\"align\":\"center\"} -->\n<p class=\"has-text-align-center\">Zu unseren <span class=\"info\">Bauherrentagen<\/span> k\u00f6nnen Sie direkt im pers\u00f6nlichen Gespr\u00e4ch Ihre Fragen rund um das Bauen mit Holz mit unserem Spezialisten im fast fertigen Blockbohlen Holzhaus besprechen.<br \/>Sie k\u00f6nnen anfassen, riechen und das Raumklima f\u00fchlen.<br \/><br \/>Denn Bauen ist Vertrauenssache, nachhaltig und effizient.<br \/><br \/><strong>Ort:<\/strong> Ottendorf Okrilla<br \/><strong>Uhrzeit:<\/strong> individuell, in Absprache<br \/><br \/><strong>Anmeldungen unter:<\/strong><br \/><strong>Mail:<\/strong> <a href=\"mailto:holzhausbausachsen@gmail.com\">holzhausbausachsen@gmail.com<\/a><\/p>\n<!-- \/wp:paragraph --><!-- wp:paragraph {\"align\":\"center\"} -->\n<p class=\"has-text-align-center\"><strong>Nach Ihrer Anmeldung erhalten Sie von uns alle Informationen zur Adresse und Anfahrt.<\/strong><\/p>\n<!-- \/wp:paragraph -->\t\t\t\t\t\t<\/div>\n\t\t\t\t<\/div>\n\t\t\t\t\t<\/div>\n\t\t\t\t<\/div>\n\t\t\t\t\t\t\t<\/div>\n\t\t","protected":false},"excerpt":{"rendered":"<p>Vereinbaren Sie noch heute Ihren pers\u00f6nlichen Beratungstermin! Telefon: 035955 777999\u00a0 \u00a0 \u00a0 \u00a0 \u00a0 \u00a0 \u00a0 \u00a0 \u00a0 \u00a0 \u00a0 \u00a0 E-Mail: holzhausbausachsen@gmail.com Wohnh\u00e4user, Ferienh\u00e4user, Wochenendh\u00e4user, Wellnessh\u00e4user und Gartenh\u00e4user Lieferung als Bausatz zur Selbstmontage odervon unserem Team individuell geplant, geliefert und montiert. Informations-Wochenende\/ Schautag f\u00fcr k\u00fcnftige Baufamilien 08.07. und 09.07.2023 Zu unseren Bauherrentagen k\u00f6nnen Sie &hellip; <a href=\"https:\/\/www.holzhausbau-sachsen.de\/?page_id=10\" class=\"more-link\"><span class=\"screen-reader-text\">Informatives<\/span> weiterlesen<\/a><\/p>\n","protected":false},"author":1,"featured_media":0,"parent":0,"menu_order":0,"comment_status":"closed","ping_status":"closed","template":"","meta":{"footnotes":""},"class_list":["post-10","page","type-page","status-publish","hentry"],"_links":{"self":[{"href":"https:\/\/www.holzhausbau-sachsen.de\/index.php?rest_route=\/wp\/v2\/pages\/10","targetHints":{"allow":["GET"]}}],"collection":[{"href":"https:\/\/www.holzhausbau-sachsen.de\/index.php?rest_route=\/wp\/v2\/pages"}],"about":[{"href":"https:\/\/www.holzhausbau-sachsen.de\/index.php?rest_route=\/wp\/v2\/types\/page"}],"author":[{"embeddable":true,"href":"https:\/\/www.holzhausbau-sachsen.de\/index.php?rest_route=\/wp\/v2\/users\/1"}],"replies":[{"embeddable":true,"href":"https:\/\/www.holzhausbau-sachsen.de\/index.php?rest_route=%2Fwp%2Fv2%2Fcomments&post=10"}],"version-history":[{"count":41,"href":"https:\/\/www.holzhausbau-sachsen.de\/index.php?rest_route=\/wp\/v2\/pages\/10\/revisions"}],"predecessor-version":[{"id":262,"href":"https:\/\/www.holzhausbau-sachsen.de\/index.php?rest_route=\/wp\/v2\/pages\/10\/revisions\/262"}],"wp:attachment":[{"href":"https:\/\/www.holzhausbau-sachsen.de\/index.php?rest_route=%2Fwp%2Fv2%2Fmedia&parent=10"}],"curies":[{"name":"wp","href":"https:\/\/api.w.org\/{rel}","templated":true}]}}