{"id":15,"date":"2023-06-06T22:46:40","date_gmt":"2023-06-06T20:46:40","guid":{"rendered":"https:\/\/www.holzhausbau-sachsen.de\/?page_id=15"},"modified":"2023-06-09T13:35:05","modified_gmt":"2023-06-09T11:35:05","slug":"unser-service-fuer-sie","status":"publish","type":"page","link":"https:\/\/www.holzhausbau-sachsen.de\/?page_id=15","title":{"rendered":"Service"},"content":{"rendered":"\n<h3 class=\"wp-block-heading\">Unser Service f\u00fcr Sie<\/h3>\n\n\n\n<p>Hohe Qualit\u00e4t der Produkte und umfassende Serviceleistungen gepaart mit kreativer individueller Planung sind seit \u00fcber 30 Jahren die Grundprinzipien und das Markenzeichen der Lebensart Holzhaus Dresden GmbH.<br>Von der Planung hin zur Bauantragsstellung bis hin zur Fertigung und Montagen der Holzbauten, alles aus einer Hand.<br>Da wo andere von Umweltschutz reden, wird hier gehandelt.<br>Moderner Holzbau in Blockbohlenbauweise f\u00fcr Garten\u2013, Ferien- und Wohnh\u00e4user paart sich mit hochqualitativer Ausstattung.<br>So individuell wie die Menschen und deren Anspr\u00fcche sind unsere Produkte und Dienstleistungen.<br>Kein Rasterma\u00df und doch alles nach deutschen Standard, erm\u00f6glichen es den Bauherren ihre W\u00fcnsche umzusetzen.<\/p>\n\n\n\n<p class=\"has-text-align-center idee\">Durch die Leistungsf\u00e4higkeit unserer festen Partner<br> sind wir in der Lage,<br> jede Herausforderung anzunehmen und L\u00f6sungen zu finden.<\/p>\n","protected":false},"excerpt":{"rendered":"<p>Unser Service f\u00fcr Sie Hohe Qualit\u00e4t der Produkte und umfassende Serviceleistungen gepaart mit kreativer individueller Planung sind seit \u00fcber 30 Jahren die Grundprinzipien und das Markenzeichen der Lebensart Holzhaus Dresden GmbH.Von der Planung hin zur Bauantragsstellung bis hin zur Fertigung und Montagen der Holzbauten, alles aus einer Hand.Da wo andere von Umweltschutz reden, wird hier &hellip; <a href=\"https:\/\/www.holzhausbau-sachsen.de\/?page_id=15\" class=\"more-link\"><span class=\"screen-reader-text\">Service<\/span> weiterlesen<\/a><\/p>\n","protected":false},"author":1,"featured_media":0,"parent":0,"menu_order":0,"comment_status":"closed","ping_status":"closed","template":"","meta":{"footnotes":""},"class_list":["post-15","page","type-page","status-publish","hentry"],"_links":{"self":[{"href":"https:\/\/www.holzhausbau-sachsen.de\/index.php?rest_route=\/wp\/v2\/pages\/15","targetHints":{"allow":["GET"]}}],"collection":[{"href":"https:\/\/www.holzhausbau-sachsen.de\/index.php?rest_route=\/wp\/v2\/pages"}],"about":[{"href":"https:\/\/www.holzhausbau-sachsen.de\/index.php?rest_route=\/wp\/v2\/types\/page"}],"author":[{"embeddable":true,"href":"https:\/\/www.holzhausbau-sachsen.de\/index.php?rest_route=\/wp\/v2\/users\/1"}],"replies":[{"embeddable":true,"href":"https:\/\/www.holzhausbau-sachsen.de\/index.php?rest_route=%2Fwp%2Fv2%2Fcomments&post=15"}],"version-history":[{"count":6,"href":"https:\/\/www.holzhausbau-sachsen.de\/index.php?rest_route=\/wp\/v2\/pages\/15\/revisions"}],"predecessor-version":[{"id":88,"href":"https:\/\/www.holzhausbau-sachsen.de\/index.php?rest_route=\/wp\/v2\/pages\/15\/revisions\/88"}],"wp:attachment":[{"href":"https:\/\/www.holzhausbau-sachsen.de\/index.php?rest_route=%2Fwp%2Fv2%2Fmedia&parent=15"}],"curies":[{"name":"wp","href":"https:\/\/api.w.org\/{rel}","templated":true}]}}