{"id":37,"date":"2023-06-06T23:16:20","date_gmt":"2023-06-06T21:16:20","guid":{"rendered":"https:\/\/www.holzhausbau-sachsen.de\/?page_id=37"},"modified":"2024-03-26T10:56:58","modified_gmt":"2024-03-26T09:56:58","slug":"holz-als-baustoff","status":"publish","type":"page","link":"https:\/\/www.holzhausbau-sachsen.de\/?page_id=37","title":{"rendered":"Holz als Baustoff"},"content":{"rendered":"\n<h3 class=\"wp-block-heading\"><strong>Holz als Baustoff<\/strong><\/h3>\n\n\n\n<p>Holz, der nachwachsende Rohstoff wird seit Jahrtausenden von Lebewesen als Baumaterial genutzt. Der Mensch allerdings hat gelernt es in Formen zu bringen und somit Konstruktionen zu gestalten, die eine vielfache Nutzung erlauben. Ein ganz spezielles Gebiet ist der Hausbau. Egal ob das private Einfamilienhaus, Mehrfamilienh\u00e4user oder gewerblich genutzte Bauten \u2013 Holz ist universell einsetzbar, seine Eigenschaften bieten Raum f\u00fcr vielf\u00e4ltige Formen und Bauausf\u00fchrungen.<\/p>\n\n\n\n<p>Wo in Urzeiten unsere Vorfahren noch Unterst\u00e4nde und einfache H\u00fctten aus \u00c4sten und Laub fertigten, setzen wir heute auf profilierte H\u00f6lzer, oft mit ausgekl\u00fcgelten Fr\u00e4sungen, Nuten und Federn und speziellen Verbindungstechniken und Elementen.<\/p>\n\n\n\n<p>Wesentliche Bauformen sind das Blockhaus, das Blockbohlenhaus, das Fachwerkhaus, die Brettschichtholzkonstruktion und das Haus in St\u00e4nderkonstruktion. Neben diesen Formen gibt es Mischvarianten und Bauformen mit weiteren Naturmaterialien, welche allerdings Nischenprodukte sind.<\/p>\n\n\n\n<p>Verwendet werden in unseren Breiten vorrangig H\u00f6lzer aus Fichten, gefolgt von Kiefer und L\u00e4rche.<\/p>\n\n\n\n<p>Die gro\u00dfen Best\u00e4nde, die gute Bearbeitbarkeit und die guten Eigenschaften der Fichte machen sie zur Nummer 1 im Bau von H\u00e4usern. Aber Fichtenholz ist nicht gleich Fichtenholz. Entscheidend ist die Herkunft. Viel spricht man von \u201enordischer Fichte\u201c. B\u00e4ume die in Skandinavien geerntet wurden, aber auch Fichten oberhalb von tausend Metern, zum Beispiel im Alpenbereich, weisen die Eigenschaften auf, welche f\u00fcr den Bereich Hausbau gut geeignet sind. Die kurzen Vegetationszeiten f\u00fchren zu engen Wachstumsringen (Jahresringen), man spricht von langsamem Wachstum, wenn diese sehr eng sind. Diese engen Ringe machen das Holz hart, widerstandsf\u00e4hig gegen \u00e4u\u00dfere Einfl\u00fcsse und belastbar.<\/p>\n\n\n\n<p>Neben dem Einsatz von gut ausgew\u00e4hlten H\u00f6lzern sollte ein wesentliches Augenmerk auf die Konstruktion gelegt werden. F\u00e4hrt man durchs Land, sieht man sehr oft Hauskonstruktionen die wenig durchdacht sind und den Eindruck hinterlassen, dass hier schnelles Geld gemacht wurde. Hier helfen gute Planer und Architekten, welche sich im Holzbau gut auskennen und gleichzeitig die Bed\u00fcrfnisse der Bauherren ber\u00fccksichtigen. Aber es sind nicht nur die Bed\u00fcrfnisse der Bauherren, wesentlichen Einfluss haben allerdings auch die Auflagen der Bau\u00e4mter und das Grundst\u00fcck selbst. Wesentliche Punkte f\u00fcr eine gute Holzhauskonstruktion sind der Schutz gegen aufsteigende N\u00e4sse und Staun\u00e4sse, gro\u00dfe Dach\u00fcberst\u00e4nde, Wandaussteifungen die dem Verwinden der H\u00f6lzer entgegenwirken, das ber\u00fccksichtigen des Setzungsverhaltens zum Beispiel bei Blockbohlenkonstruktionen. Aber auch der Einbau von Fenstern und T\u00fcren sowie technischen Ausstattungen sollte auf die Holzkonstruktion abgestimmt sein. Holzh\u00e4user sind anspruchsvoll in Konstruktion und Materialauswahl und verlangen nach guter Fachberatung, damit es ein Haus f\u00fcr Generationen wird.<\/p>\n","protected":false},"excerpt":{"rendered":"<p>Holz als Baustoff Holz, der nachwachsende Rohstoff wird seit Jahrtausenden von Lebewesen als Baumaterial genutzt. Der Mensch allerdings hat gelernt es in Formen zu bringen und somit Konstruktionen zu gestalten, die eine vielfache Nutzung erlauben. Ein ganz spezielles Gebiet ist der Hausbau. Egal ob das private Einfamilienhaus, Mehrfamilienh\u00e4user oder gewerblich genutzte Bauten \u2013 Holz ist &hellip; <a href=\"https:\/\/www.holzhausbau-sachsen.de\/?page_id=37\" class=\"more-link\"><span class=\"screen-reader-text\">Holz als Baustoff<\/span> weiterlesen<\/a><\/p>\n","protected":false},"author":1,"featured_media":0,"parent":0,"menu_order":0,"comment_status":"closed","ping_status":"closed","template":"","meta":{"footnotes":""},"class_list":["post-37","page","type-page","status-publish","hentry"],"_links":{"self":[{"href":"https:\/\/www.holzhausbau-sachsen.de\/index.php?rest_route=\/wp\/v2\/pages\/37","targetHints":{"allow":["GET"]}}],"collection":[{"href":"https:\/\/www.holzhausbau-sachsen.de\/index.php?rest_route=\/wp\/v2\/pages"}],"about":[{"href":"https:\/\/www.holzhausbau-sachsen.de\/index.php?rest_route=\/wp\/v2\/types\/page"}],"author":[{"embeddable":true,"href":"https:\/\/www.holzhausbau-sachsen.de\/index.php?rest_route=\/wp\/v2\/users\/1"}],"replies":[{"embeddable":true,"href":"https:\/\/www.holzhausbau-sachsen.de\/index.php?rest_route=%2Fwp%2Fv2%2Fcomments&post=37"}],"version-history":[{"count":5,"href":"https:\/\/www.holzhausbau-sachsen.de\/index.php?rest_route=\/wp\/v2\/pages\/37\/revisions"}],"predecessor-version":[{"id":136,"href":"https:\/\/www.holzhausbau-sachsen.de\/index.php?rest_route=\/wp\/v2\/pages\/37\/revisions\/136"}],"wp:attachment":[{"href":"https:\/\/www.holzhausbau-sachsen.de\/index.php?rest_route=%2Fwp%2Fv2%2Fmedia&parent=37"}],"curies":[{"name":"wp","href":"https:\/\/api.w.org\/{rel}","templated":true}]}}