{"id":5,"date":"2023-06-06T22:16:35","date_gmt":"2023-06-06T20:16:35","guid":{"rendered":"https:\/\/www.holzhausbau-sachsen.de\/?page_id=5"},"modified":"2025-02-23T16:21:08","modified_gmt":"2025-02-23T15:21:08","slug":"warum-mit-holz-bauen","status":"publish","type":"page","link":"https:\/\/www.holzhausbau-sachsen.de\/","title":{"rendered":"Start"},"content":{"rendered":"\t\t<div data-elementor-type=\"wp-page\" data-elementor-id=\"5\" class=\"elementor elementor-5\">\n\t\t\t\t\t\t\t<div class=\"elementor-element elementor-element-5acfd35b e-flex e-con-boxed e-con e-parent\" data-id=\"5acfd35b\" data-element_type=\"container\" data-settings=\"{&quot;content_width&quot;:&quot;boxed&quot;}\" data-core-v316-plus=\"true\">\n\t\t\t\t\t<div class=\"e-con-inner\">\n\t\t\t\t<div class=\"elementor-element elementor-element-64904886 elementor-widget elementor-widget-text-editor\" data-id=\"64904886\" data-element_type=\"widget\" data-widget_type=\"text-editor.default\">\n\t\t\t\t<div class=\"elementor-widget-container\">\n\t\t\t<style>\/*! elementor - v3.17.0 - 08-11-2023 *\/\n.elementor-widget-text-editor.elementor-drop-cap-view-stacked .elementor-drop-cap{background-color:#69727d;color:#fff}.elementor-widget-text-editor.elementor-drop-cap-view-framed .elementor-drop-cap{color:#69727d;border:3px solid;background-color:transparent}.elementor-widget-text-editor:not(.elementor-drop-cap-view-default) .elementor-drop-cap{margin-top:8px}.elementor-widget-text-editor:not(.elementor-drop-cap-view-default) .elementor-drop-cap-letter{width:1em;height:1em}.elementor-widget-text-editor .elementor-drop-cap{float:left;text-align:center;line-height:1;font-size:50px}.elementor-widget-text-editor .elementor-drop-cap-letter{display:inline-block}<\/style>\t\t\t\t<!-- wp:heading {\"level\":3} -->\n<h3 class=\"wp-block-heading\"><strong>Warum ein HOLZHAUS bauen?<\/strong><\/h3>\n<!-- \/wp:heading --><!-- wp:paragraph -->\n<p>Wir, das Team der <a href=\"https:\/\/lebensart-holzhausdresden.de\/\" target=\"_blank\" rel=\"noreferrer noopener\">LebensArt-Holzhaus-Dresden GmbH<\/a> m\u00f6chten allen Bauinteressenten n\u00e4her bringen, dass ein in Holz gebautes Haus, eine langlebige und wertbest\u00e4ndige Investition ist.<br \/>Denn Holz ist ein bew\u00e4hrtes und zugleich \u00fcberaus modernes Baumaterial mit nat\u00fcrlicher Ausstrahlung und vielen exzellenten Eigenschaften.<br \/>Der Baustoff Holz steht f\u00fcr gesundes und angenehmes Wohnen.<br \/>Holz geh\u00f6rt zu den \u00e4ltesten Baustoffen der Menschen und rangiert unter \u00f6kologischen Gesichtspunkten unbestritten auf dem Spitzenplatz.<br \/>Wir verbinden mit Holzh\u00e4usern Gem\u00fctlichkeit mit Best\u00e4ndigkeit.<br \/>Eine umweltschonende Bauweise und ein behagliches Raumklima sind wichtige Voraussetzungen f\u00fcr gesundes Wohnen in H\u00e4usern aus Holz.<br \/>Wer ein <a href=\"http:\/\/www.holzhausundmehr.de\/holzbauten\/ferienhaeuser\/\" target=\"_blank\" rel=\"noreferrer noopener\">Holzhaus<\/a> baut, baut nachhaltig und leistet einen aktiven Beitrag zum Klimaschutz, weil weniger Energie aufgewendet wird als beim konventionellen Hausbau. Die neusten biologischen Forschungen belegen, dass der Baustoff Holz allen anderen Wandbaustoffen weit \u00fcberlegen ist. Kein anderer Werkstoff kann in soidealer Weise Feuchtigkeit und W\u00e4rme speichern, um sie bei Bedarf wieder abzugeben.<br \/>Ein Holzhaus vermittelt im Winter mollige W\u00e4rme und im Sommer erfrischende K\u00fchle.<br \/>Durch individuelle Au\u00dfenfassadengestaltung und Anpassung der Dachneigung kann den Auflagen der Bau\u00e4mter jederzeit entsprochen werden.<br \/>Eine sinnvolle Be- und Entl\u00fcftung und eine sehr gute D\u00e4mmung mit nat\u00fcrlichen D\u00e4mmmaterialien zeichnet unsere Wohnh\u00e4user als umweltfreundlich und \u00e4u\u00dferst sparsam im Energieverbrauch aus.<br \/>Unsere Produktpalette ist gro\u00df:<br \/>Ersatzbauten f\u00fcr <a href=\"http:\/\/www.holzhausundmehr.de\/holzbauten\/ddr-gartenlauben\/\" target=\"_blank\" rel=\"noreferrer noopener\">DDR Gartenlauben<\/a>, <a href=\"http:\/\/www.holzhausundmehr.de\/holzbauten\/individuelle-gartenhaeuser\/\" target=\"_blank\" rel=\"noreferrer noopener\">Ger\u00e4teh\u00e4user<\/a>, <a href=\"http:\/\/www.holzhausundmehr.de\/holzbauten\/24-qm-haeuser\/\" target=\"_blank\" rel=\"noreferrer noopener\">Gartenh\u00e4user<\/a>, <a href=\"http:\/\/www.holzhausundmehr.de\/holzbauten\/ferienhaeuser\/\" target=\"_blank\" rel=\"noreferrer noopener\">Ferienh\u00e4user<\/a> und <a href=\"https:\/\/lebensart-holzhausdresden.de\/wohnhaeuser-individuell-aus-holz\/\" target=\"_blank\" rel=\"noreferrer noopener\">Wohnh\u00e4user<\/a> (auch f\u00fcr Single) alles aus Holz und ganz individuell. Aber auch Pavillons, <a href=\"https:\/\/lebensart-holzhausdresden.de\/saunahausbauen-aus-holz\/\" target=\"_blank\" rel=\"noreferrer noopener\">Saunen<\/a> und <a href=\"https:\/\/lebensart-holzhausdresden.de\/saunahausbauen-aus-holz\/\" target=\"_blank\" rel=\"noreferrer noopener\">Wellnessh\u00e4user<\/a>.<br \/>Im Mittelpunkt steht stets die individuelle Beratung und damit die ganz pers\u00f6nliche Ausstattung und Ma\u00dfanfertigung.<\/p>\n<!-- \/wp:paragraph --><!-- wp:html -->\n<p class=\"has-text-align-center idee\" style=\"text-align: center;\"><strong>Von der Idee bis zur Ausf\u00fchrung<br \/>Mit 30 j\u00e4hriger Erfahrung im Holzhausbau<br \/>Ihr zuverl\u00e4ssiger Partner f\u00fcr individuelle L\u00f6sungen<\/strong><\/p>\n<!-- \/wp:html -->\t\t\t\t\t\t<\/div>\n\t\t\t\t<\/div>\n\t\t\t\t\t<\/div>\n\t\t\t\t<\/div>\n\t\t\t\t\t\t\t<\/div>\n\t\t","protected":false},"excerpt":{"rendered":"<p>Warum ein HOLZHAUS bauen? Wir, das Team der LebensArt-Holzhaus-Dresden GmbH m\u00f6chten allen Bauinteressenten n\u00e4her bringen, dass ein in Holz gebautes Haus, eine langlebige und wertbest\u00e4ndige Investition ist.Denn Holz ist ein bew\u00e4hrtes und zugleich \u00fcberaus modernes Baumaterial mit nat\u00fcrlicher Ausstrahlung und vielen exzellenten Eigenschaften.Der Baustoff Holz steht f\u00fcr gesundes und angenehmes Wohnen.Holz geh\u00f6rt zu den \u00e4ltesten &hellip; <a href=\"https:\/\/www.holzhausbau-sachsen.de\/\" class=\"more-link\"><span class=\"screen-reader-text\">Start<\/span> weiterlesen<\/a><\/p>\n","protected":false},"author":1,"featured_media":0,"parent":0,"menu_order":0,"comment_status":"closed","ping_status":"closed","template":"","meta":{"footnotes":""},"class_list":["post-5","page","type-page","status-publish","hentry"],"_links":{"self":[{"href":"https:\/\/www.holzhausbau-sachsen.de\/index.php?rest_route=\/wp\/v2\/pages\/5","targetHints":{"allow":["GET"]}}],"collection":[{"href":"https:\/\/www.holzhausbau-sachsen.de\/index.php?rest_route=\/wp\/v2\/pages"}],"about":[{"href":"https:\/\/www.holzhausbau-sachsen.de\/index.php?rest_route=\/wp\/v2\/types\/page"}],"author":[{"embeddable":true,"href":"https:\/\/www.holzhausbau-sachsen.de\/index.php?rest_route=\/wp\/v2\/users\/1"}],"replies":[{"embeddable":true,"href":"https:\/\/www.holzhausbau-sachsen.de\/index.php?rest_route=%2Fwp%2Fv2%2Fcomments&post=5"}],"version-history":[{"count":25,"href":"https:\/\/www.holzhausbau-sachsen.de\/index.php?rest_route=\/wp\/v2\/pages\/5\/revisions"}],"predecessor-version":[{"id":160,"href":"https:\/\/www.holzhausbau-sachsen.de\/index.php?rest_route=\/wp\/v2\/pages\/5\/revisions\/160"}],"wp:attachment":[{"href":"https:\/\/www.holzhausbau-sachsen.de\/index.php?rest_route=%2Fwp%2Fv2%2Fmedia&parent=5"}],"curies":[{"name":"wp","href":"https:\/\/api.w.org\/{rel}","templated":true}]}}